{"id":20,"date":"2026-04-11T09:58:34","date_gmt":"2026-04-11T09:58:34","guid":{"rendered":"https:\/\/test.hakancoksuer.com\/blog\/?page_id=20"},"modified":"2026-04-12T19:26:19","modified_gmt":"2026-04-12T19:26:19","slug":"ana-sayfa","status":"publish","type":"page","link":"https:\/\/test.hakancoksuer.com\/blog\/","title":{"rendered":""},"content":{"rendered":"\n<div class=\"gb-element-b4a586e0\">\n<div class=\"gb-element-58f72b3a\">\n<div>\n<h2 class=\"gb-text gb-text-e3c159e4\">T\u00fcp Bebek ve Kad\u0131n Sa\u011fl\u0131\u011f\u0131nda G\u00fcvenilir \u00c7\u00f6z\u00fcm<\/h2>\n\n\n\n<p class=\"gb-text gb-text-01b77bed\">Prof. Dr. Hakan \u00c7oks\u00fcer ile t\u00fcp bebek, infertilite ve kad\u0131n sa\u011fl\u0131\u011f\u0131 alanlar\u0131nda ki\u015fiye \u00f6zel tedavi yakla\u015f\u0131m\u0131.<\/p>\n\n\n\n<div class=\"hero-cta-group\">\n<a class=\"gb-text gb-text-05529cfe hero-primary\" href=\"https:\/\/test.hakancoksuer.com\/blog\/online-basvuru\/\">Online Ba\u015fvuru<\/a>\n\n\n\n<a class=\"gb-text gb-text-fa6a0eff hero-secondary\" href=\"https:\/\/wa.me\/905374844732?text=Merhaba%20bilgi%20almak%20istiyorum\">WhatsApp ile \u0130leti\u015fim<\/a>\n<\/div>\n<\/div>\n\n\n\n<div class=\"gb-element-73086ae8\">\n<img loading=\"lazy\" decoding=\"async\" width=\"300\" height=\"300\" class=\"gb-media-c9e9b9f8\" alt=\"\" title=\"Ads\u0131z tasar\u0131m\" src=\"https:\/\/test.hakancoksuer.com\/blog\/wp-content\/uploads\/2026\/04\/Adsiz-tasarim-300x300.png\" srcset=\"https:\/\/test.hakancoksuer.com\/blog\/wp-content\/uploads\/2026\/04\/Adsiz-tasarim-300x300.png 300w, https:\/\/test.hakancoksuer.com\/blog\/wp-content\/uploads\/2026\/04\/Adsiz-tasarim-1024x1024.png 1024w, https:\/\/test.hakancoksuer.com\/blog\/wp-content\/uploads\/2026\/04\/Adsiz-tasarim-150x150.png 150w, https:\/\/test.hakancoksuer.com\/blog\/wp-content\/uploads\/2026\/04\/Adsiz-tasarim-768x768.png 768w, https:\/\/test.hakancoksuer.com\/blog\/wp-content\/uploads\/2026\/04\/Adsiz-tasarim.png 1066w\" sizes=\"auto, (max-width: 300px) 100vw, 300px\" \/>\n<\/div>\n<\/div>\n\n\n\n<p class=\"gb-text\">\u2714 Ki\u015fiye \u00f6zel yakla\u015f\u0131m \u2714 G\u00fcvenilir de\u011ferlendirme \u2714 H\u0131zl\u0131 ba\u015fvuru<\/p>\n<\/div>\n\n\n\n<div class=\"gb-element-ede57671\">\n<div class=\"site-card\">\n<div>\n<h2 class=\"gb-text\">Deneyim<\/h2>\n<\/div>\n\n\n\n<p class=\"gb-text\">20+ y\u0131ll\u0131k klinik tecr\u00fcbe ve hasta odakl\u0131 yakla\u015f\u0131m.<\/p>\n<\/div>\n\n\n\n<div class=\"site-card\">\n<div>\n<h2 class=\"gb-text\">Ki\u015fiye \u00d6zel Tedavi<\/h2>\n<\/div>\n\n\n\n<p class=\"gb-text\">Her hasta i\u00e7in \u00f6zel planlama ve bireysel de\u011ferlendirme.<\/p>\n<\/div>\n\n\n\n<div class=\"site-card\">\n<div>\n<h2 class=\"gb-text\">G\u00fcvenilir S\u00fcre\u00e7<\/h2>\n<\/div>\n\n\n\n<p class=\"gb-text\">\u015eeffaf, etik ve bilimsel y\u00f6ntemlerle tedavi s\u00fcreci.<\/p>\n<\/div>\n<\/div>\n\n\n\n<div>\n<h2 class=\"gb-text gb-text-c18482ac\">Ana Hizmetler<\/h2>\n<\/div>\n\n\n\n<div>\n<h2 class=\"gb-text gb-text-bc634bc6\">Sorun Odakl\u0131 Alanlar<\/h2>\n<\/div>\n\n\n\n<div>\n<h2 class=\"gb-text gb-text-6f44b5b9\">Tamamlay\u0131c\u0131 Tedaviler<\/h2>\n<\/div>\n\n\n\n<div>\n<h2 class=\"gb-text gb-text-1175b429\">Tedavi Yakla\u015f\u0131m\u0131<\/h2>\n<\/div>\n\n\n\n<div>\n<h2 class=\"gb-text gb-text-aed16494\">Hasta Yorumlar\u0131<\/h2>\n<\/div>\n\n\n\n<div>\n<h2 class=\"gb-text gb-text-19e712e7\">Bas\u0131nda Biz<\/h2>\n<\/div>\n\n\n\n<div>\n<h2 class=\"gb-text gb-text-a9ec5371\">Blog \/ Bilgi Merkezi<\/h2>\n<\/div>\n\n\n\n<div>\n<h2 class=\"gb-text gb-text-97677577\">S\u0131k Sorulan Sorular<\/h2>\n<\/div>\n\n\n\n<div>\n<h2 class=\"gb-text gb-text-82b1642c\">Online Ba\u015fvuru<\/h2>\n<\/div>\n\n\n\n<div>\n<h2 class=\"gb-text gb-text-6f54dc05\">\u0130leti\u015fim \/ Konum<\/h2>\n<\/div>\n\n\n\n<p><\/p>\n","protected":false},"excerpt":{"rendered":"<p>T\u00fcp Bebek ve Kad\u0131n Sa\u011fl\u0131\u011f\u0131nda G\u00fcvenilir \u00c7\u00f6z\u00fcm Prof. Dr. Hakan \u00c7oks\u00fcer ile t\u00fcp bebek, infertilite ve kad\u0131n sa\u011fl\u0131\u011f\u0131 alanlar\u0131nda ki\u015fiye \u00f6zel tedavi yakla\u015f\u0131m\u0131. Online Ba\u015fvuru WhatsApp ile \u0130leti\u015fim \u2714 Ki\u015fiye \u00f6zel yakla\u015f\u0131m \u2714 G\u00fcvenilir de\u011ferlendirme \u2714 H\u0131zl\u0131 ba\u015fvuru Deneyim 20+ y\u0131ll\u0131k klinik tecr\u00fcbe ve hasta odakl\u0131 yakla\u015f\u0131m. Ki\u015fiye \u00d6zel Tedavi Her hasta i\u00e7in \u00f6zel planlama &#8230; <a title=\"\" class=\"read-more\" href=\"https:\/\/test.hakancoksuer.com\/blog\/\" aria-label=\"Read more about \">Devam\u0131n\u0131 oku<\/a><\/p>\n","protected":false},"author":1,"featured_media":0,"parent":0,"menu_order":0,"comment_status":"closed","ping_status":"closed","template":"","meta":{"footnotes":""},"class_list":["post-20","page","type-page","status-publish"],"_links":{"self":[{"href":"https:\/\/test.hakancoksuer.com\/blog\/wp-json\/wp\/v2\/pages\/20","targetHints":{"allow":["GET"]}}],"collection":[{"href":"https:\/\/test.hakancoksuer.com\/blog\/wp-json\/wp\/v2\/pages"}],"about":[{"href":"https:\/\/test.hakancoksuer.com\/blog\/wp-json\/wp\/v2\/types\/page"}],"author":[{"embeddable":true,"href":"https:\/\/test.hakancoksuer.com\/blog\/wp-json\/wp\/v2\/users\/1"}],"replies":[{"embeddable":true,"href":"https:\/\/test.hakancoksuer.com\/blog\/wp-json\/wp\/v2\/comments?post=20"}],"version-history":[{"count":80,"href":"https:\/\/test.hakancoksuer.com\/blog\/wp-json\/wp\/v2\/pages\/20\/revisions"}],"predecessor-version":[{"id":293,"href":"https:\/\/test.hakancoksuer.com\/blog\/wp-json\/wp\/v2\/pages\/20\/revisions\/293"}],"wp:attachment":[{"href":"https:\/\/test.hakancoksuer.com\/blog\/wp-json\/wp\/v2\/media?parent=20"}],"curies":[{"name":"wp","href":"https:\/\/api.w.org\/{rel}","templated":true}]}}